{"id":935,"date":"2019-04-29T14:45:34","date_gmt":"2019-04-29T14:45:34","guid":{"rendered":"https:\/\/www.cristianaperali.it\/?page_id=935"},"modified":"2019-04-29T14:45:35","modified_gmt":"2019-04-29T14:45:35","slug":"privacy-policy","status":"publish","type":"page","link":"https:\/\/www.cristianaperali.it\/en\/privacy-policy\/","title":{"rendered":"Privacy Policy"},"content":{"rendered":"\n\t<section class=\"section\" id=\"section_1444818600\">\n\t\t<div class=\"bg section-bg fill bg-fill  bg-loaded\" >\n\n\t\t\t\n\t\t\t\n\t\t\t\n\n\t\t<\/div>\n\n\t\t\n\n\t\t<div class=\"section-content relative\">\n\t\t\t\n\n<div class=\"row\"  id=\"row-1175948112\">\n\n\n\t<div id=\"col-1183133911\" class=\"col small-12 large-12\"  >\n\t\t\t\t<div class=\"col-inner\"  >\n\t\t\t\n\t\t\t\n\n<div class=\"container section-title-container\" ><h2 class=\"section-title section-title-normal\"><b><\/b><span class=\"section-title-main\" >informativa sulla privacy<\/span><b><\/b><\/h2><\/div>\n\n<h2 style=\"text-align: center;\">ai sensi del Reg. UE 2016\/679 e della normativa vigente<\/h2>\n<h3>Introduzione: il RGPD e la privacy<\/h3>\n<p>Il Regolamento Generale sulla Protezione dei Dati (RGPD) o regolamento generale sulla protezione dei dati \u00e8 un regolamento (UE 2016\/679) con il quale la Commissione Europea intende rafforzare e rende omogenea la protezione dei dati personali di cittadini e residenti dell\u2019Unione Europea, all\u2019interno o all\u2019esterno dei suoi confini. Questo regolamento sostituisce le leggi dei singoli stati in tema di privacy ed \u00e8 in vigore dal 25 maggio 2018.<\/p>\n<p>Per maggiori informazioni puoi vedere il <a href=\"https:\/\/eur-lex.europa.eu\/legal-content\/IT\/TXT\/?uri=uriserv:OJ.L_.2016.119.01.0001.01.ITA\" target=\"_blank\" rel=\"noopener noreferrer\">testo ufficiale del RGPD<\/a> , il <a href=\"http:\/\/www.garanteprivacy.it\/web\/guest\/regolamentoue\/guida-all-applicazione-del-regolamento-europeo-in-materia-di-protezione-dei-dati-personali\" target=\"_blank\" rel=\"noopener noreferrer\">sito del garante della privacy<\/a> e la pagina dedicata su <a href=\"https:\/\/it.wikipedia.org\/wiki\/Regolamento_generale_sulla_protezione_dei_dati\">Wikipedia.<\/a><\/p>\n<p>In accordo al RGPD questa informativa intende spiegare in modo chiaro e semplice quali dati personali vengono raccolti tramite questo sito, dove vengono conservati, per quanto tempo, con quali finalit\u00e0 e come li puoi aggiornare o chiederne la cancellazione.<\/p>\n<h3>Chi \u00e8 il Titolare del trattamento: <b>Cristiana Perali<br><\/b><\/h3>\n<p>Nome Cristiana Perali (in seguito \u201cAzienda\u201d) tutela la riservatezza dei dati personali e garantisce ad essi la protezione necessaria da ogni evento che possa metterli a rischio di violazione.<\/p>\n<p>Come previsto dal Regolamento dell\u2019Unione Europea n. 679\/2016 ( \u201cRGPD\u201d), ed in particolare all\u2019art. 13, qui di seguito si forniscono all\u2019utente (\u201dInteressato\u201d) le informazioni richieste dalla legge relative al trattamento dei propri dati personali.<\/p>\n<p>cristianaperali.it (a cui ci riferiremo come \u201cSito Web\u201d) sono siti di propriet\u00e0 di Cristiana Perali &#8211; P.IVA IT07574261009 a cui ci riferiamo in seguito semplicemente come \u201cAzienda\u201d.<\/p>\n<p>Cristiana Perali, la nostra azienda, ha sede a Roma, Viale G.Mazzini 142, CAP 00195 (Italia).<\/p>\n<p>Azienda gestisce i siti sopra elencati e controlla la gestione dei dati personali come descritto nella presente informativa, in accordo alle vigenti leggi sulla privacy (Regolamento Generale sulla Protezione dei Dati (RGPD) &#8211; Regolamento UE 2016\/679).<\/p>\n<p>Puoi contattarci tramite email a info@cristianaperali.it<\/p>\n<h3>Su che base giuridica Azienda raccoglie e gestisce dati personali?<\/h3>\n<p>Azienda utilizza come base giuridica la necessit\u00e0 di trattare dati personali per l\u2019esecuzione dei propri servizi, che comprendono la vendita di prodotti e servizi turistici, la comunicazione transazionale degli ordini del proprio catalogo Sito Web. Senza raccogliere i dati richiesti non sarebbe possibile erogare i suddetti servizi.<\/p>\n<p>Azienda si affida poi al proprio legittimo interesse commerciale di fornire i propri servizi, promuoverli, prevenire frodi e spam e migliorare i propri servizi.<\/p>\n<p>Laddove richiesto dalla legge applicabile, chiederemo il tuo consenso prima di trattare i tuoi dati personali per finalit\u00e0 di marketing diretto.<\/p>\n<h3>Che tipo di dati raccoglie Azienda su Sito Web?<\/h3>\n<p>Azienda raccoglie le informazioni che ci vengono da te fornite tramite i form di contatto e\/o di acquisto su questo sito. Per gli utenti che chiedono informazioni o acquistano prodotti o servizi tali dati includono il tuo nome, email, numero di telefono e oltre ogni altra indicazione che scegli di scrivere nella tua richiesta.<\/p>\n<p>Per gli utenti che desiderano aderire al nostro programma affiliazione raccogliamo i dati relativi al nome dell\u2019azienda, sito ufficiale, numero di telefono ed email, interessi commerciali, citt\u00e0 e provincia, oltre alla data della richiesta ed il sito da cui \u00e8 partita la richiesta.<\/p>\n<p>Per ogni invio di un form sui nostri siti raccogliamo inoltre dati relativi al browser e sistema operativo utilizzato ed indirizzo IP, per combattere lo spam e per identificare eventuali problemi di usabilit\u00e0 dei nostri siti con particolari configurazioni e dispositivi.<\/p>\n<p>Quando visiti i nostri siti raccogliamo automaticamente alcune informazioni. Per esempio, il tuo indirizzo IP, la data e l&#8217;ora di accesso al nostro sito, l&#8217;hardware, il software o il browser che utilizzi e informazioni sul sistema operativo del tuo computer e sulle impostazioni della lingua. Raccogliamo inoltre informazioni sui tuoi click e sulle pagine che hai visualizzato, cos\u00ec come informazioni su quali siti o campagne marketing hai utilizzato per giungere ai nostri siti.<\/p>\n<p>Azienda non richiede all\u2019Interessato di fornire dati c.d. \u201cparticolari\u201d, ovvero, secondo quanto previsto dal RGPD (art. 9), i dati personali che rivelino l&#8217;origine razziale o etnica, le opinioni politiche, le convinzioni religiose o filosofiche, o l&#8217;appartenenza sindacale, nonch\u00e9 dati genetici, dati biometrici intesi a identificare in modo univoco una persona fisica, dati relativi alla salute o alla vita sessuale o all&#8217;orientamento sessuale della persona. Nel caso in cui la prestazione richiesta ad Azienda imponesse il trattamento di tali dati, l\u2019Interessato ricever\u00e0 preventivamente apposita informativa e sar\u00e0 ad Egli richiesto di prestare apposito consenso.<\/p>\n<h3>Perch\u00e8 Azienda raccoglie questi dati su Sito Web?<\/h3>\n<p>I dati inviatici attraverso il form di questi siti vengono innanzitutto utilizzati per fornire le informazioni, incluso eventuali offerte, richieste esplicitamente tramite il form stesso.<\/p>\n<p>Per i dati relativi agli utenti che desiderano aderire al nostro programma di affiliazione raccogliamo le informazioni che l\u2019utente inserisce nel form al fine di poter inviare, via email o telefono, informazioni e il contratto per aderire al programma di affiliazione nonch\u00e9 le relative comunicazioni transazionali di ordini e quant\u2019altro di pertinente al servizio offerto nel caso in cui l\u2019utente aderisca al nostro programma di affiliazione.<\/p>\n<p>Solo in caso di consenso esplicito potremo anche inviare eventuali offerte relative a servizi correlati alla visibilit\u00e0 sui nostri siti o comunque rivolti a prodotti e servizi che riteniamo di tuo interesse.<\/p>\n<p>Azienda conserva la richiesta in propri archivi a scopo statistico e come backup, per poterla eventualmente inviare nuovamente qualora si renda necessario.<\/p>\n<p>A chi effettua una richiesta o un acquisto, Azienda invia inoltre una email di conferma che la richiesta o l\u2019acquisto sono state correttamente effettuate e tale email potr\u00e0 contenere informazioni, compreso link ad articoli ed offerte presenti sui siti di Azienda.<\/p>\n<p>Solo in caso di consenso esplicito Azienda potr\u00e0 inviare ulteriori comunicazioni di carattere commerciale via email o SMS contenenti informazioni ed offerte di interesse sui propri Prodotti e Servizi.<\/p>\n<p>Ulteriore consenso esplicito potr\u00e0 essere richiesto per inviare ulteriori comunicazioni di carattere commerciale via E-mail o SMS contenenti informazioni e offerte di terze parti o partner di Azienda.<\/p>\n<p>Infine i dati inseriti nei form potranno essere utilizzati per mostrarti campagne di online advertising personalizzato (remarketing) anzich\u00e9 annunci pubblicitari generici, tramite piattaforme specializzate quali Google Adwords, Bing Ads, Facebook Advertising e Criteo. In questo caso gli utenti dei siti vengono raggruppati in liste virtuali, in forma aggregata non riconducibile a singoli utenti, sulla base delle informazioni inserite e delle scelte effettuate su questo sito e su altri di propriet\u00e0 Azienda, sulla base del sito e pagine visitate e delle azioni compiute sul sito come l\u2019invio di una richiesta o iscrizione alla newsletter. In questo modo cerchiamo di mostrarti degli annunci pubblicitari mirati ai tuoi interessi, tramite piattaforme pubblicitarie come quelle di Google Adwords, Bing Ads, Facebook Advertising e Criteo, anzich\u00e8 degli annunci generici.<\/p>\n<h4>Dove sono conservati i dati raccolti e per quanto tempo? (Conservazione dei dati)<\/h4>\n<p>I dati raccolti sia dai nostri form che dalla navigazione dei nostri siti sono acquisiti attraverso le seguenti piattaforme:<\/p>\n<ul>\n<li><a href=\"https:\/\/analytics.google.com\/analytics\/\" target=\"_blank\" rel=\"noopener noreferrer\">Google Analytics<\/a> &#8211; per i dati relativi alla navigazione e acquisto sul sito.<\/li>\n<li><a href=\"https:\/\/www.google.com\/intl\/it\/tagmanager\" target=\"_blank\" rel=\"noopener noreferrer\">Google Tag Manager<\/a> &#8211; per i dati relativi alla navigazione e acquisto sul sito.<\/li>\n<li><a href=\"https:\/\/www.criteo.com\/it\/\" target=\"_blank\" rel=\"noopener noreferrer\">Criteo<\/a> &#8211; per i dati relativi agli acquisti, navigazione e scelte effettuate sul sito.<\/li>\n<li><a href=\"https:\/\/www.inspectlet.com\/\" target=\"_blank\" rel=\"noopener noreferrer\">InspectLet<\/a> &#8211; per i dati relativi alla navigazione e acquisto sul sito.<\/li>\n<li><a href=\"https:\/\/secure.bingads.microsoft.com\/\" target=\"_blank\" rel=\"noopener noreferrer\">Bing Ads<\/a> &#8211; per i dati relativi alla navigazione e acquisto sul sito.<\/li>\n<li><a href=\"https:\/\/adwords.google.com\/intl\/it_it\/home\/\" target=\"_blank\" rel=\"noopener noreferrer\">Google AdWords<\/a> &#8211; per i dati relativi alla navigazione e acquisto sul sito.<\/li>\n<li><a href=\"https:\/\/www.google.com\/gmail\/\" target=\"_blank\" rel=\"noopener noreferrer\">Google Gmail<\/a> &#8211; Ogni form genera una email indirizzata a Azienda che le conserva in account di Gmail (<a href=\"https:\/\/gsuite.google.com\/\" target=\"_blank\" rel=\"noopener noreferrer\">Google Suite<\/a>)<\/li>\n<li>Pages Documenti Google &#8211; I dati possono essere esportati su documenti conservati nel servizio di Google, <a href=\"https:\/\/gsuite.google.com\/\" target=\"_blank\" rel=\"noopener noreferrer\">Google Suite<\/a><\/li>\n<li><a href=\"https:\/\/mailchimp.com\/\" target=\"_blank\" rel=\"noopener noreferrer\">Mailchimp<\/a> &#8211; per le richieste inviate tramite i form e le iscrizioni alle nostre newsletter<\/li>\n<li><a href=\"https:\/\/aws.amazon.com\/it\/ses\/\" target=\"_blank\" rel=\"noopener noreferrer\">Amazon SES AWS<\/a> &#8211; per le richieste inviate tramite i form e le iscrizioni alle nostre newsletter<\/li>\n<li>Su database conservati sui nostri server presso il provider OVH.com<\/li>\n<li>Su documenti e database conservati presso la sede di Azienda a Milano, Italia.<\/li>\n<li>Su documenti e database conservati presso il servizio di <a href=\"https:\/\/aws.amazon.com\/\" target=\"_blank\" rel=\"noopener noreferrer\">Amazon AWS<\/a><\/li>\n<\/ul>\n<h3>Trasmissione dei dati raccolti<\/h3>\n<p>La trasmissione di dati personali come descritta nella presente Informativa pu\u00f2 comprendere il trasferimento fuori dall\u2019Unione Europea verso paesi che non prevedono leggi sulla protezione dei dati esaustive e complete come quelle dei paesi dell&#8217;Unione Europea. Laddove previsto dalla legge Comunitaria, trasferiremo dati personali solamente a destinatari che offrono un livello di tutela adeguato dei dati personali. Google, Bing, Amazon, Facebook, Criteo e Mailchimp sono aziende leader di livello internazionale ed i loro server sono distribuiti in tutto il mondo, compreso fuori dai paesi UE. OVH.com ha i propri server in Strasburgo, Francia. In alcuni casi \u00e8 possibile che i dati vengano conservati anche in altri data center della rete OVH.com. Per maggiori informazioni vi invitiamo a consultare la <a href=\"https:\/\/www.ovh.it\/discover\/\" target=\"_blank\" rel=\"noopener noreferrer\">rete dei data center di OVH.com<\/a> o a contattarci. Azienda ha sede a Milano, Italia<\/p>\n<p>Azienda si affida a procedure apposite per impedire accessi non autorizzati ai dati, oltre al loro uso improprio. Solo il personale autorizzato pu\u00f2 accedere ai dati personali durante lo svolgimento del proprio lavoro. Conserviamo i tuoi dati personali per tutto il tempo che riteniamo necessario per consentirti di utilizzare i nostri servizi, svolgere i nostri servizi, pubblicizzare i nostri servizi, svolgere la nostra attivit\u00e0 commerciale, per ottemperare agli obblighi di legge e risolvere eventuali controversie. Tutti i dati personali da noi conservati sono disciplinati dalla presente Informativa sulla Privacy. Se hai domande circa uno specifico periodo di conservazione dei dati per talune tipologie di dati personali da noi trattati, ti preghiamo di contattarci come indicato qui di seguito.<\/p>\n<p>I dati raccolti tramite i form di richiesta e\/o acquisto arrivano, sotto forma di email, sia a Azienda, che gestisce i siti Sito Web, sia al mittente. Al di fuori dell\u2019uso dichiarato nella presente informativa, i dati non vengono condivisi con nessun altro soggetto terzo.<\/p>\n<p>I dati raccolti tramite i form con cui l\u2019utente desidera aderire al programma di affiliazione non vengono condivisi da Azienda con nessun soggetto terzo.<\/p>\n<p>I dati relativi alla navigazione ed utilizzo dei siti raccolti tramite strumenti come Google Analytics vengono condivisi solo in forma aggregata (non riconducibile quindi a singoli utenti) con collaboratori e partner di Azienda.<\/p>\n<p>Soggetti terzi a cui Azienda affida lo svolgimento di determinate attivit\u00e0 quali adempimenti fiscali, consulenze in ambito informatico o commerciale, prevenzione frodi, recupero crediti. In questi casi i destinatari della comunicazione sono nominati Responsabili del trattamento<\/p>\n<h3>In che modo Azienda gestisce i dati personali dei bambini?<\/h3>\n<p>I servizi offerti Azienda.com sono destinati soltanto a persone di et\u00e0 superiore ai 16 anni. Per le persone di et\u00e0 inferiore ai 16 anni, l&#8217;utilizzo dei nostri servizi \u00e8 consentito soltanto dietro consenso dei genitori o del tutore legale. Se veniamo a conoscenza del trattamento di dati di persone al di sotto dei 16 anni di et\u00e0 senza il valido consenso di un parente o tutore legale, ci riserviamo il diritto di cancellare tali dati.<\/p>\n<h3>Come puoi controllare, aggiornare ed eventualmente cancellare i dati personali che hai condiviso con Azienda?<\/h3>\n<p>Su richiesta del titolare ed in accordo alle vigenti leggi sulla privacy (Regolamento Generale sulla Protezione dei Dati (RGPD) &#8211; Regolamento UE 2016\/679), Azienda si impegna a far visionare, modificare o cancellare i dati personali in proprio possesso.<\/p>\n<p>Per fare questo Il modo pi\u00f9 semplice \u00e8 inviarci una email a info@cristianaperali.it in cui puoi chiederci di visionare, aggiornare o cancellare definitivamente i dati che ti riguardano presenti nei nostri archivi.<\/p>\n<p>Ogni nostra comunicazione inviata tramite la piattaforma Mailchimp, il server di questo sito, tramite SMTP del provider OVH.com o tramite Amazon SES AWS prevede inoltre un link dal quale \u00e8 possibile aggiornare i dati ed il consenso ed eventualmente scegliere di non essere pi\u00f9 contattati in futuro.<\/p>\n<p>Facciamo del nostro meglio per rispondere tempestivamente ed esaustivamente ad ogni richiesta come \u00e8 nostro dovere. E\u2019 sempre diritto dell\u2019utente in ogni caso presentare un reclamo all\u2019autorit\u00e0 di controllo.<\/p>\n<p>Questa Informativa potrebbe essere modificata in futuro, pertanto visita questa pagina regolarmente per venire a conoscenza di tutti gli aggiornamenti.<\/p>\n<h3>Modalit\u00e0 del trattamento<\/h3>\n<p>Il trattamento viene effettuato attraverso strumenti informatici e telematici e\/o manualmente (ad es. su supporto cartaceo) per il tempo strettamente necessario a conseguire gli scopi per i quali i dati sono stati raccolti e comunque, in conformit\u00e0 alle disposizioni normative vigenti in materia.<\/p>\n<h3>Facoltativit\u00e0 del conferimento dei dati<\/h3>\n<p>A parte quanto specificato per i dati di navigazione, gli utenti\/visitatori sono liberi di fornire i propri dati personali. Il loro mancato conferimento pu\u00f2 comportare unicamente l&#8217;impossibilit\u00e0 di ottenere quanto richiesto.<\/p>\n<h3>Diritti degli interessati<\/h3>\n<p>Gli utenti\/visitatori hanno il diritto di accedere in ogni momento ai dati che li riguardano e di esercitare gli altri diritti (chiedere l&#8217;origine dei dati, la correzione, l&#8217;aggiornamento o l&#8217;integrazione dei dati inesatti o incompleti, ovvero la cancellazione o il blocco per quelli trattati in violazione di legge, o ancora opporsi al loro utilizzo per motivi legittimi) previsti dall&#8217;articolo 7 del Codice privacy, contattando il titolare del trattamento dei dati direttamente attraverso il sito o attraverso i dati sotto riportati.<\/p>\n<h3>Titolare del Trattamento dei Dati<\/h3>\n<p>Cristiana Perali, viale G.Mazzini 142, 00195 ROMA, P.IVA 07574261009 &#8211; REA 1056302 &#8211; info@cristianaperali.it<\/p>\n<p>Dal momento che l&#8217;installazione di Cookie e di altri sistemi di tracciamento operata da terze parti tramite i servizi utilizzati all&#8217;interno di questa Applicazione non pu\u00f2 essere tecnicamente controllata dal Titolare, ogni riferimento specifico a Cookie e sistemi di tracciamento installati da terze parti \u00e8 da considerarsi indicativo. Per ottenere informazioni complete, consulta la privacy policy degli eventuali servizi terzi elencati in questo documento. Vista l&#8217;oggettiva complessit\u00e0 legata all&#8217;identificazione delle tecnologie basate sui Cookie ed alla loro integrazione molto stretta con il funzionamento del web, l&#8217;Utente \u00e8 invitato a contattare il Titolare qualora volesse ricevere qualunque approfondimento relativo all&#8217;utilizzo dei Cookie stessi e ad eventuali utilizzi degli stessi \u2013 ad esempio ad opera di terzi \u2013 effettuati tramite questo sito.<\/p>\n<h3>Copyright<\/h3>\n<p>Tutti i contenuti del sito, inclusi quelli testuali, fotografici e grafici sono di propriet\u00e0 di Azienda, fatti salvi quei contenuti fotografici di propriet\u00e0 di terzi ed utilizzati dietro consenso. Tutti i contenuti del sito sono protetti dalle leggi sul copyright italiane ed europee, <b>nessun contenuto pu\u00f2 essere copiato o imitato anche solo in parte se non dietro consenso scritto di Azienda.<\/b><\/p>\n\n\t\t<\/div>\n\t\t\t\t\t<\/div>\n\n\t\n\n<\/div>\n\n\t\t<\/div>\n\n\t\t\n<style>\n#section_1444818600 {\n  padding-top: 30px;\n  padding-bottom: 30px;\n}\n#section_1444818600 .ux-shape-divider--top svg {\n  height: 150px;\n  --divider-top-width: 100%;\n}\n#section_1444818600 .ux-shape-divider--bottom svg {\n  height: 150px;\n  --divider-width: 100%;\n}\n<\/style>\n\t<\/section>\n\t\n","protected":false},"excerpt":{"rendered":"","protected":false},"author":2,"featured_media":0,"parent":0,"menu_order":0,"comment_status":"closed","ping_status":"open","template":"","meta":[],"_links":{"self":[{"href":"https:\/\/www.cristianaperali.it\/en\/wp-json\/wp\/v2\/pages\/935"}],"collection":[{"href":"https:\/\/www.cristianaperali.it\/en\/wp-json\/wp\/v2\/pages"}],"about":[{"href":"https:\/\/www.cristianaperali.it\/en\/wp-json\/wp\/v2\/types\/page"}],"author":[{"embeddable":true,"href":"https:\/\/www.cristianaperali.it\/en\/wp-json\/wp\/v2\/users\/2"}],"replies":[{"embeddable":true,"href":"https:\/\/www.cristianaperali.it\/en\/wp-json\/wp\/v2\/comments?post=935"}],"version-history":[{"count":1,"href":"https:\/\/www.cristianaperali.it\/en\/wp-json\/wp\/v2\/pages\/935\/revisions"}],"predecessor-version":[{"id":936,"href":"https:\/\/www.cristianaperali.it\/en\/wp-json\/wp\/v2\/pages\/935\/revisions\/936"}],"wp:attachment":[{"href":"https:\/\/www.cristianaperali.it\/en\/wp-json\/wp\/v2\/media?parent=935"}],"curies":[{"name":"wp","href":"https:\/\/api.w.org\/{rel}","templated":true}]}}