{"id":920,"date":"2019-04-29T12:57:19","date_gmt":"2019-04-29T12:57:19","guid":{"rendered":"https:\/\/www.cristianaperali.it\/?page_id=920"},"modified":"2019-04-29T12:57:21","modified_gmt":"2019-04-29T12:57:21","slug":"cookie-policy","status":"publish","type":"page","link":"https:\/\/www.cristianaperali.it\/en\/cookie-policy\/","title":{"rendered":"Cookie Policy"},"content":{"rendered":"\n\t<section class=\"section\" id=\"section_453487473\">\n\t\t<div class=\"bg section-bg fill bg-fill  bg-loaded\" >\n\n\t\t\t\n\t\t\t\n\t\t\t\n\n\t\t<\/div>\n\n\t\t\n\n\t\t<div class=\"section-content relative\">\n\t\t\t\n\n<div class=\"row\"  id=\"row-590876385\">\n\n\n\t<div id=\"col-1301445491\" class=\"col small-12 large-12\"  >\n\t\t\t\t<div class=\"col-inner\"  >\n\t\t\t\n\t\t\t\n\n<div class=\"container section-title-container\" ><h2 class=\"section-title section-title-normal\"><b><\/b><span class=\"section-title-main\" >informativa sui cookie<\/span><b><\/b><\/h2><\/div>\n\n<p>Questo sito utilizza i cookies. In questa policy spieghiamo in dettaglio quali cookies utilizziamo e come questi ci consentano di offrire ai nostri utenti la migliore esperienza possibile.<\/p>\n<p>Proseguendo nella navigazione di questo sito l\u2019utente accetta le nostre modalit\u00e0 di uso dei cookies.<\/p>\n<h3>Cos\u2019\u00e8 un cookie?<\/h3>\n<p>Un cookie \u00e8 un breve testo inviato al tuo browser da un sito web visitato. Consente al sito di memorizzare informazioni sulla tua visita, come la tua lingua preferita e altre impostazioni. Ci\u00f2 pu\u00f2 facilitare la tua visita successiva e aumentare l&#8217;utilit\u00e0 del sito a tuo favore. I cookies svolgono un ruolo importante. Senza di essi, l&#8217;utilizzo del Web sarebbe un&#8217;esperienza molto pi\u00f9 frustrante.<\/p>\n<p>Esistono vari tipi di cookies e diversi modi di utilizzarli. I cookies si distinguono in base alla funzione svolta, alla loro durata e a chi li ha inseriti in un sito web.<\/p>\n<h3>Come vengono utilizzati i cookies?<\/h3>\n<p>Il nostro sito utilizza i seguenti tipi di cookies:<\/p>\n<h4>Cookies tecnici<\/h4>\n<p>Alcuni cookies sono indispensabili per il corretto funzionamento del nostro sito, poich\u00e9 permettono il caricamento della pagina web ed il corretto funzionamento di tutte le funzionalit\u00e0 essenziali. Altri cookies tecnici aggiungono invece funzionalit\u00e0 e migliorano o personalizzano l\u2019esperienza complessiva di navigazione.<\/p>\n<h4>Cookies Statistici di terza parte<\/h4>\n<p>Sono i cookies che ci permettono di monitorare ed analizzare il comportamento degli utenti del nostro sito web. Attraverso questi cookies siamo in grado di monitorare la navigazione sul nostro sito web e possiamo creare profili dei nostri utenti, al fine di apportare miglioramenti basati sull\u2019analisi di questi dati. Questi cookies (servizi web di terza parte) forniscono informazioni anonime \/ aggregate sul modo in cui i visitatori navigano sul sito.<\/p>\n<p>In particolare, Google Analytics, sistema messo a disposizione da Google Inc., utilizza dei cookies che vengono depositati sul computer dell\u2019utente allo scopo di consentire al gestore del sito web di analizzare come gli utenti utilizza il sito stesso. Le informazioni generate dal cookies sull&#8217;utilizzo del sito da parte dell\u2019utente verranno trasmesse a, e depositate presso i server di Google negli Stati Uniti. Google utilizzer\u00e0 queste informazioni allo scopo di tracciare e esaminare l\u2019utilizzo del sito web da parte dell\u2019utente, compilare report sulle attivit\u00e0 del sito web e fornire altri servizi relativi alle attivit\u00e0 dello stesso sito. Gli utenti che non volessero i cookies in questione potranno impedirne la memorizzazione sul proprio computer attraverso l\u2019apposito \u201cComponente aggiuntivo del browser per la disattivazione di Google Analytics\u201d messo a disposizione da Google all\u2019indirizzo <a href=\"https:\/\/tools.google.com\/dlpage\/gaoptout\" target=\"_blank\" rel=\"noopener noreferrer\">https:\/\/tools.google.com\/dlpage\/gaoptout<\/a>. Per attivare il componente, che inibisce il sistema di invio di informazioni sulla visita dell\u2019utente, sar\u00e0 sufficiente installarlo seguendo le istruzioni sullo schermo, chiudere e riaprire il browser.<\/p>\n<p>Visita il seguente link per imparare a rifiutare o eliminare i cookies da parte di Google: <a href=\"http:\/\/www.google.com\/intl\/en\/privacypolicy.html\" target=\"_blank\" rel=\"noopener noreferrer\">http:\/\/www.google.com\/intl\/en\/privacypolicy.html<\/a><\/p>\n<p>Visita il seguente link per prendere visione della privacy policy di Google: <a href=\"http:\/\/www.google.co.uk\/intl\/en\/policies\/privacy\/\" target=\"_blank\" rel=\"noopener noreferrer\">http:\/\/www.google.co.uk\/intl\/en\/policies\/privacy\/<\/a><\/p>\n<h4>Cookies di profilazione di terze parti<\/h4>\n<p>Facciamo uso di svariati fornitori che possono a loro volta installare cookies per il corretto funzionamento dei servizi che stanno fornendo. Se desideri avere informazioni relative a questi cookies di terza parte e su come disabilitarli ti preghiamo di accedere ai link delle liste qui di seguito.<\/p>\n<p>Inoltre accedendo alla pagina <a href=\"http:\/\/www.youronlinechoices.com\/it\/le-tue-scelte\" target=\"_blank\" rel=\"noopener noreferrer\">http:\/\/www.youronlinechoices.com\/it\/le-tue-scelte<\/a> \u00e8 possibile informarsi sulla pubblicit\u00e0 comportamentale oltre che disattivare o attivare le societ\u00e0 elencate e che lavorano con i gestori dei siti web per raccogliere e utilizzare informazioni utili alla fruizione della pubblicit\u00e0.<\/p>\n<p>Questi cookies memorizzano le informazioni sul comportamento degli utenti ottenute attraverso l&#8217;osservazione delle abitudini di navigazione, con il fine di sviluppare un profilo specifico per visualizzare gli annunci basati su di esso.<\/p>\n<p>Utilizziamo anche le funzioni di Google AdWords e gli elenchi di remarketing per gli annunci della Rete Display di Google Analytics. Utilizziamo i cookies di Google (ad esempio quelli di Google Analytics e di Google Adwords) ed altri cookies di terze parti (come i cookies di DoubleClick) combinati insieme per informare, ottimizzare e pubblicare gli annunci sulla base di precedenti visite al nostro sito web. Ci\u00f2 implica che i fornitori (come Google) visualizzano nostro materiale promozionale su altri siti web che l\u2019utente visita in Internet.<\/p>\n<p>Alcuni dei nostri cookies possono servire per identificare l&#8217;utente e altri forniscono solo informazioni statistiche anonime sulla navigazione nella nostra pagina Web, tuttavia questa funzione pu\u00f2 essere disabilitata impostando direttamente il browser.<\/p>\n<p>Questi cookies (servizi di advertising di terza parte) vengono utilizzati al fine di inviare pubblicit\u00e0 e contenuti personalizzati in base alla cronologia di navigazione sul sito stesso. Di seguito i link alle rispettive pagine di privacy policy e al modulo di consenso dove \u00e8 possibile disabilitare l\u2019uso dei cookies di profilazione del servizio di terza parte.<\/p>\n<h4>Google<\/h4>\n<ul>\n<li>Adwords: Servizio di remarketing e conversione campagne.<\/li>\n<li>Cookies di remarketing e conversione.<\/li>\n<li>Doubleclick.<\/li>\n<li>Privacy policy: <a href=\"https:\/\/www.google.com\/intl\/it\/policies\/technologies\/ads\/\" target=\"_blank\" rel=\"noopener noreferrer\">https:\/\/www.google.com\/intl\/it\/policies\/technologies\/ads\/<\/a>.<\/li>\n<li>Modulo di consenso: <a href=\"https:\/\/www.google.com\/settings\/ads?hl=it\" target=\"_blank\" rel=\"noopener noreferrer\">https:\/\/www.google.com\/settings\/ads?hl=it<\/a>.<\/li>\n<\/ul>\n<h4>Addthis<\/h4>\n<ul>\n<li>Privacy policy: <a href=\"http:\/\/www.addthis.com\/privacy\" target=\"_blank\" rel=\"noopener noreferrer\">http:\/\/www.addthis.com\/privacy<\/a>.<\/li>\n<li>Modulo di Consenso: <a href=\"http:\/\/www.addthis.com\/privacy\/opt-out\" target=\"_blank\" rel=\"noopener noreferrer\">http:\/\/www.addthis.com\/privacy\/opt-out<\/a>.<\/li>\n<\/ul>\n<h4>Cookies di social media<\/h4>\n<p>Questi cookies di terza parte vengono utilizzati per integrare alcune diffuse funzionalit\u00e0 dei principali social media e fornirle all\u2019interno del sito. In particolare permettono la registrazione e l\u2019autenticazione sul sito tramite Facebook.<\/p>\n<h4>Facebook<\/h4>\n<p>Privacy policy: <a href=\"https:\/\/www.facebook.com\/about\/privacy\/\" target=\"_blank\" rel=\"noopener noreferrer\">https:\/\/www.facebook.com\/about\/privacy\/<\/a>.<\/p>\n<p>Facebook offre annunci pubblicitari mirati sulla base del comportamento e sugli interessi degli utenti online. Per maggiori informazioni: <a href=\"https:\/\/www.facebook.com\/help\/cookies?ref_type=sitefooter\" target=\"_blank\" rel=\"noopener noreferrer\">https:\/\/www.facebook.com\/help\/cookies?ref_type=sitefooter<\/a>.<\/p>\n<h4>Pulsante Mi Piace e widget sociali di Facebook (Facebook, Inc.)<\/h4>\n<p>Il pulsante \u201cMi Piace\u201d e i widget sociali di Facebook sono servizi di interazione con il social network Facebook, forniti da Facebook, Inc. Dati personali raccolti: Cookie e Dati di utilizzo. Luogo del trattamento : USA \u2013 <a href=\"http:\/\/www.facebook.com\/privacy\/explanation.php\" target=\"_blank\" rel=\"noopener noreferrer\">Privacy Policy<\/a><\/p>\n<h4>Pulsante Tweet e widget sociali di Twitter (Twitter, Inc.)<\/h4>\n<p>Il pulsante Tweet e i widget sociali di Twitter sono servizi di interazione con il social network Twitter, forniti da Twitter, Inc. Dati personali raccolti: Cookie e Dati di utilizzo. Luogo del trattamento : USA \u2013 <a href=\"http:\/\/twitter.com\/privacy\" target=\"_blank\" rel=\"noopener noreferrer\">Privacy Policy<\/a><\/p>\n<p>&nbsp;<\/p>\n<h4>Pulsante +1 e widget sociali di Google+ (Google Inc.)<\/h4>\n<p>Il pulsante +1 e i widget sociali di Google+ sono servizi di interazione con il social network Google+, forniti da Google Inc. Dati personali raccolti: Cookie e Dati di utilizzo. Luogo del trattamento : USA \u2013 <a href=\"https:\/\/policies.google.com\/privacy?hl=it\" target=\"_blank\" rel=\"noopener noreferrer\">Privacy Policy<\/a><\/p>\n<h4>Pulsante \u201cPin it\u201d e widget sociali di Pinterest (Pinterest)<\/h4>\n<p>Il pulsante \u201cPin it\u201d e widget sociali di Pinterest sono servizi di interazione con la piattaforma Pinterest, forniti da Pinterest Inc. Dati personali raccolti: Cookie e Dati di utilizzo. Luogo del trattamento : USA \u2013 <a href=\"https:\/\/policy.pinterest.com\/it\/privacy-policy\" target=\"_blank\" rel=\"noopener noreferrer\">Privacy Policy<\/a><\/p>\n<h4>Web beacons<\/h4>\n<p>Utilizziamo i Web beacons, questi elementi sono immagini che si trovano su una pagina web o in una e-mail e servono a monitorare il comportamento online degli utenti che visitano il nostro sito web o che ricevono una delle nostre newsletter.<\/p>\n<p>Lo scopo di utilizzare questa tecnologia \u00e8 quello di monitorare l&#8217;attivit\u00e0 degli utenti, come l\u2019area del sito visitata e il tempo trascorso in navigazione.<\/p>\n<h2>Statistica<\/h2>\n<p>I servizi contenuti nella presente sezione permettono al Titolare del Trattamento di monitorare e analizzare i dati di traffico e servono a tener traccia del comportamento dell\u2019Utente.<\/p>\n<h4>Google Analytics (Google Inc.)<\/h4>\n<p>Google Analytics \u00e8 un servizio di analisi web fornito da Google Inc. (\u201cGoogle\u201d). Google utilizza i Dati Personali raccolti allo scopo di tracciare ed esaminare l\u2019utilizzo di questa Applicazione, compilare report e condividerli con gli altri servizi sviluppati da Google. Google potrebbe utilizzare i Dati Personali per contestualizzare e personalizzare gli annunci del proprio network pubblicitario.<\/p>\n<p>Dati personali raccolti: Cookie e Dati di utilizzo. Luogo del trattamento : USA \u2013 <a href=\"https:\/\/policies.google.com\/privacy?hl=it\" target=\"_blank\" rel=\"noopener noreferrer\">Privacy Policy<\/a> \u2013 <a href=\"https:\/\/chrome.google.com\/webstore\/detail\/google-analytics-opt-out\/fllaojicojecljbmefodhfapmkghcbnh?hl=it\" target=\"_blank\" rel=\"noopener noreferrer\">Opt Out<\/a><\/p>\n<h4>Google Tag Manager (Google Inc.)<\/h4>\n<p>Google Tag Manager \u00e8 un servizio di statistica fornito da Google Inc. Dati personali raccolti: Cookie e Dati di utilizzo. Luogo del trattamento : USA \u2013 <a href=\"https:\/\/policies.google.com\/privacy?hl=en\" target=\"_blank\" rel=\"noopener noreferrer\">Privacy Policy<\/a><\/p>\n<h3>Modalit\u00e0 di disabilitazione dei cookies<\/h3>\n<p>La maggioranza dei browser internet sono inizialmente impostati per accettare i cookies in modo automatico. L\u2019utente pu\u00f2 modificare queste impostazioni per bloccare i cookies o per avvertire che dei cookies vengono mandati al dispositivo dell\u2019utente medesimo. Esistono vari modi per gestire i cookies. L\u2019utente pu\u00f2 fare riferimento al manuale d\u2019istruzioni o alla schermata di aiuto del suo browser per scoprire come regolare o modificare le impostazioni del proprio browser.<\/p>\n<ul>\n<li>Chrome <a href=\"https:\/\/support.google.com\/accounts\/answer\/61416?hl=it\" target=\"_blank\" rel=\"noopener noreferrer\">https:\/\/support.google.com\/accounts\/answer\/61416?hl=it<\/a><\/li>\n<li>Firefox <a href=\"https:\/\/support.mozilla.org\/it\/kb\/Attivare%20e%20disattivare%20i%20cookie\" target=\"_blank\" rel=\"noopener noreferrer\">https:\/\/support.mozilla.org\/it\/kb\/Attivare%20e%20disattivare%20i%20cookie<\/a><\/li>\n<li>Internet Explorer <a href=\"http:\/\/windows.microsoft.com\/it-it\/windows7\/block-enable-or-allow-cookiess\" target=\"_blank\" rel=\"noopener noreferrer\">http:\/\/windows.microsoft.com\/it-it\/windows7\/block-enable-or-allow-cookiess<\/a><\/li>\n<li>Opera <a href=\"http:\/\/help.opera.com\/Windows\/10.00\/it\/cookiess.html\" target=\"_blank\" rel=\"noopener noreferrer\">http:\/\/help.opera.com\/Windows\/10.00\/it\/cookiess.html<\/a><\/li>\n<li>Safari <a href=\"https:\/\/www.apple.com\/legal\/privacy\/it\/cookiess\/\" target=\"_blank\" rel=\"noopener noreferrer\">https:\/\/www.apple.com\/legal\/privacy\/it\/cookiess\/<\/a><\/li>\n<\/ul>\n<p>Se usi un qualsiasi altro browser, cerca nelle Impostazioni del browser la modalit\u00e0 di gestione dei cookies.<\/p>\n<p>In caso di dispositivi diversi (per esempio, computer, smartphone, tablet, ecc.), l\u2019utente dovr\u00e0 assicurarsi che ciascun browser su ogni dispositivo sia regolato per riflettere le proprie preferenze relative ai cookies.<\/p>\n<p>Tieni presente per\u00f2 che il rifiuto esplicito dei cookie di profilazione non impedir\u00e0 di ricevere annunci pubblicitari, ma comporter\u00e0 semplicemente il fatto che tali annunci non saranno pi\u00f9 personalizzati.<\/p>\n<p>Se ti interessa saperne di pi\u00f9 sui cookies visita la pagina <a href=\"http:\/\/www.allaboutcookies.org\/\" target=\"_blank\" rel=\"noopener noreferrer\">http:\/\/www.allaboutcookies.org<\/a>.<\/p>\n<h3>Come Contattarci<\/h3>\n<p>Per qualsiasi chiarimento o approfondimento riguardo questa informativa sulla privacy, la gestione dei tuoi dati personali e l\u2019utilizzo di cookies su questo sito, puoi contattarci via email a: info@cristianaperali.it<\/p>\n\n\t\t<\/div>\n\t\t\t\t\t<\/div>\n\n\t\n\n<\/div>\n\n\t\t<\/div>\n\n\t\t\n<style>\n#section_453487473 {\n  padding-top: 30px;\n  padding-bottom: 30px;\n}\n#section_453487473 .ux-shape-divider--top svg {\n  height: 150px;\n  --divider-top-width: 100%;\n}\n#section_453487473 .ux-shape-divider--bottom svg {\n  height: 150px;\n  --divider-width: 100%;\n}\n<\/style>\n\t<\/section>\n\t\n","protected":false},"excerpt":{"rendered":"","protected":false},"author":2,"featured_media":0,"parent":0,"menu_order":0,"comment_status":"closed","ping_status":"closed","template":"","meta":[],"_links":{"self":[{"href":"https:\/\/www.cristianaperali.it\/en\/wp-json\/wp\/v2\/pages\/920"}],"collection":[{"href":"https:\/\/www.cristianaperali.it\/en\/wp-json\/wp\/v2\/pages"}],"about":[{"href":"https:\/\/www.cristianaperali.it\/en\/wp-json\/wp\/v2\/types\/page"}],"author":[{"embeddable":true,"href":"https:\/\/www.cristianaperali.it\/en\/wp-json\/wp\/v2\/users\/2"}],"replies":[{"embeddable":true,"href":"https:\/\/www.cristianaperali.it\/en\/wp-json\/wp\/v2\/comments?post=920"}],"version-history":[{"count":1,"href":"https:\/\/www.cristianaperali.it\/en\/wp-json\/wp\/v2\/pages\/920\/revisions"}],"predecessor-version":[{"id":921,"href":"https:\/\/www.cristianaperali.it\/en\/wp-json\/wp\/v2\/pages\/920\/revisions\/921"}],"wp:attachment":[{"href":"https:\/\/www.cristianaperali.it\/en\/wp-json\/wp\/v2\/media?parent=920"}],"curies":[{"name":"wp","href":"https:\/\/api.w.org\/{rel}","templated":true}]}}